{"id":179,"date":"2025-09-30T20:46:24","date_gmt":"2025-09-30T18:46:24","guid":{"rendered":"https:\/\/abcgf.pl\/?page_id=179"},"modified":"2025-10-19T12:34:35","modified_gmt":"2025-10-19T10:34:35","slug":"o-nas","status":"publish","type":"page","link":"https:\/\/abcgf.pl\/?page_id=179","title":{"rendered":"O Nas"},"content":{"rendered":"\n<p>Firma&nbsp;<strong>ABC Global Forwarding Sp. z o.o.<\/strong>&nbsp;powsta\u0142a w 2025 roku z pasji do transportu i spedycji. Jej za\u0142o\u017cycielami s\u0105 dwie rodziny, kt\u00f3re od ponad 20 lat dzia\u0142aj\u0105 w bran\u017cy, zdobywaj\u0105c do\u015bwiadczenie, wiedz\u0119 i zaufanie klient\u00f3w w Polsce i na \u015bwiecie..<\/p>\n\n\n\n<p>\u0141\u0105cz\u0105c swoje si\u0142y, postanowili\u015bmy stworzy\u0107 firm\u0119, kt\u00f3ra stawia na&nbsp;<strong>pewno\u015b\u0107, terminowo\u015b\u0107 i satysfakcj\u0119 klient\u00f3w<\/strong>. Nasz\u0105 misj\u0105 jest oferowanie us\u0142ug transportowych i logistycznych na najwy\u017cszym poziomie \u2013 od pojedynczych palet, przez transport drobnicowy, a\u017c po pe\u0142ne naczepy FTL i kompleksowe rozwi\u0105zania magazynowe.<\/p>\n\n\n\n<p>Dzi\u0119ki pasji, zaanga\u017cowaniu i wieloletniemu do\u015bwiadczeniu zbudowali\u015bmy zesp\u00f3\u0142 najlepszych specjalist\u00f3w w bran\u017cy. To w\u0142a\u015bnie ludzie stoj\u0105cy za mark\u0105 ABC Global Forwarding sprawiaj\u0105, \u017ce mo\u017cemy zagwarantowa\u0107 profesjonalizm, elastyczno\u015b\u0107 i indywidualne podej\u015bcie do ka\u017cdego klienta.<\/p>\n\n\n\n<p class=\"has-text-align-center\"><strong>ABC Global Forwarding \u2013 transport bez granic.<\/strong><\/p>\n\n\n\n<p class=\"has-text-align-center\">ABC GLOBAL FORWARDING Sp. z o.o.<br>UL. MAJERANKOWA 49  51-180 WROC\u0141AW<br><strong>NIP<\/strong>:\u00a08943264716<br><strong>REGON<\/strong>:\u00a0542241936\u00a0\u00a0<br><strong>KRS<\/strong>:\u00a00001184159<br><br>Adres Magazynu: Fabryczna 25 Pietrzykowice<\/p>\n\n\n\t\t\t<div data-aos= \"fade-up\" data-aos-duration=\"400\" data-aos-delay=\"0\" data-aos-easing=\"ease\" data-aos-once=\"true\" \n\t\t\tclass=\"wp-block-uagb-google-map uagb-google-map__wrap uagb-block-d43d5fd9     \"\n\t\t\tstyle=\"\" >\n\t\t\t\t<embed\n\t\t\t\t\tclass=\"uagb-google-map__iframe\"\n\t\t\t\t\ttitle=\"Mapa Google dla \"\n\t\t\t\t\tsrc=\"https:\/\/maps.google.com\/maps?q=Fabryczna%2025%2C%2055-080%20Pietrzykowice&#038;z=12&#038;hl=pl&#038;t=m&#038;output=embed&#038;iwloc=near\"\n\t\t\t\t\twidth=\"640\"\n\t\t\t\t\theight=\"300\"\n\t\t\t\t\tloading=\"lazy\"\n\t\t\t\t><\/embed>\n\t\t\t<\/div>\n\t\t\t","protected":false},"excerpt":{"rendered":"<p>Firma&nbsp;ABC Global Forwarding Sp. z o.o.&nbsp;powsta\u0142a w 2025 roku z pasji do transportu i spedycji. Jej za\u0142o\u017cycielami s\u0105 dwie rodziny, kt\u00f3re od ponad 20 lat dzia\u0142aj\u0105 w bran\u017cy, zdobywaj\u0105c do\u015bwiadczenie, wiedz\u0119 i zaufanie klient\u00f3w w Polsce i na \u015bwiecie.. \u0141\u0105cz\u0105c swoje si\u0142y, postanowili\u015bmy stworzy\u0107 firm\u0119, kt\u00f3ra stawia na&nbsp;pewno\u015b\u0107, terminowo\u015b\u0107 i satysfakcj\u0119 klient\u00f3w. Nasz\u0105 misj\u0105 jest [&hellip;]<\/p>\n","protected":false},"author":1,"featured_media":0,"parent":0,"menu_order":0,"comment_status":"closed","ping_status":"closed","template":"","meta":{"saved_in_kubio":false,"_uag_custom_page_level_css":"","footnotes":""},"class_list":["post-179","page","type-page","status-publish","hentry"],"kubio_ai_page_context":{"short_desc":"","purpose":"general"},"uagb_featured_image_src":{"full":false,"thumbnail":false,"medium":false,"medium_large":false,"large":false,"1536x1536":false,"2048x2048":false,"kubio-fullhd":false},"uagb_author_info":{"display_name":"admin","author_link":"https:\/\/abcgf.pl\/?author=1"},"uagb_comment_info":0,"uagb_excerpt":"Firma&nbsp;ABC Global Forwarding Sp. z o.o.&nbsp;powsta\u0142a w 2025 roku z pasji do transportu i spedycji. Jej za\u0142o\u017cycielami s\u0105 dwie rodziny, kt\u00f3re od ponad 20 lat dzia\u0142aj\u0105 w bran\u017cy, zdobywaj\u0105c do\u015bwiadczenie, wiedz\u0119 i zaufanie klient\u00f3w w Polsce i na \u015bwiecie.. \u0141\u0105cz\u0105c swoje si\u0142y, postanowili\u015bmy stworzy\u0107 firm\u0119, kt\u00f3ra stawia na&nbsp;pewno\u015b\u0107, terminowo\u015b\u0107 i satysfakcj\u0119 klient\u00f3w. Nasz\u0105 misj\u0105 jest&hellip;","_links":{"self":[{"href":"https:\/\/abcgf.pl\/index.php?rest_route=\/wp\/v2\/pages\/179","targetHints":{"allow":["GET"]}}],"collection":[{"href":"https:\/\/abcgf.pl\/index.php?rest_route=\/wp\/v2\/pages"}],"about":[{"href":"https:\/\/abcgf.pl\/index.php?rest_route=\/wp\/v2\/types\/page"}],"author":[{"embeddable":true,"href":"https:\/\/abcgf.pl\/index.php?rest_route=\/wp\/v2\/users\/1"}],"replies":[{"embeddable":true,"href":"https:\/\/abcgf.pl\/index.php?rest_route=%2Fwp%2Fv2%2Fcomments&post=179"}],"version-history":[{"count":12,"href":"https:\/\/abcgf.pl\/index.php?rest_route=\/wp\/v2\/pages\/179\/revisions"}],"predecessor-version":[{"id":447,"href":"https:\/\/abcgf.pl\/index.php?rest_route=\/wp\/v2\/pages\/179\/revisions\/447"}],"wp:attachment":[{"href":"https:\/\/abcgf.pl\/index.php?rest_route=%2Fwp%2Fv2%2Fmedia&parent=179"}],"curies":[{"name":"wp","href":"https:\/\/api.w.org\/{rel}","templated":true}]}}