{"id":216,"date":"2025-09-30T21:50:13","date_gmt":"2025-09-30T19:50:13","guid":{"rendered":"https:\/\/abcgf.pl\/?page_id=216"},"modified":"2025-09-30T21:50:13","modified_gmt":"2025-09-30T19:50:13","slug":"kontakt","status":"publish","type":"page","link":"https:\/\/abcgf.pl\/?page_id=216","title":{"rendered":"Kontakt"},"content":{"rendered":"\n<p>Je\u015bli chcesz si\u0119 z nami kontaktowa\u0107 u\u017cyj formularza kontaktowego lub napisz do nas na info@abcgf.pl.<\/p>\n\n\n","protected":false},"excerpt":{"rendered":"<p>Je\u015bli chcesz si\u0119 z nami kontaktowa\u0107 u\u017cyj formularza kontaktowego lub napisz do nas na info@abcgf.pl.<\/p>\n","protected":false},"author":1,"featured_media":0,"parent":0,"menu_order":0,"comment_status":"closed","ping_status":"closed","template":"","meta":{"saved_in_kubio":false,"_uag_custom_page_level_css":"","footnotes":""},"class_list":["post-216","page","type-page","status-publish","hentry"],"kubio_ai_page_context":{"short_desc":"","purpose":"general"},"uagb_featured_image_src":{"full":false,"thumbnail":false,"medium":false,"medium_large":false,"large":false,"1536x1536":false,"2048x2048":false,"kubio-fullhd":false},"uagb_author_info":{"display_name":"admin","author_link":"https:\/\/abcgf.pl\/?author=1"},"uagb_comment_info":0,"uagb_excerpt":"Je\u015bli chcesz si\u0119 z nami kontaktowa\u0107 u\u017cyj formularza kontaktowego lub napisz do nas na info@abcgf.pl.","_links":{"self":[{"href":"https:\/\/abcgf.pl\/index.php?rest_route=\/wp\/v2\/pages\/216","targetHints":{"allow":["GET"]}}],"collection":[{"href":"https:\/\/abcgf.pl\/index.php?rest_route=\/wp\/v2\/pages"}],"about":[{"href":"https:\/\/abcgf.pl\/index.php?rest_route=\/wp\/v2\/types\/page"}],"author":[{"embeddable":true,"href":"https:\/\/abcgf.pl\/index.php?rest_route=\/wp\/v2\/users\/1"}],"replies":[{"embeddable":true,"href":"https:\/\/abcgf.pl\/index.php?rest_route=%2Fwp%2Fv2%2Fcomments&post=216"}],"version-history":[{"count":1,"href":"https:\/\/abcgf.pl\/index.php?rest_route=\/wp\/v2\/pages\/216\/revisions"}],"predecessor-version":[{"id":218,"href":"https:\/\/abcgf.pl\/index.php?rest_route=\/wp\/v2\/pages\/216\/revisions\/218"}],"wp:attachment":[{"href":"https:\/\/abcgf.pl\/index.php?rest_route=%2Fwp%2Fv2%2Fmedia&parent=216"}],"curies":[{"name":"wp","href":"https:\/\/api.w.org\/{rel}","templated":true}]}}