{"id":486,"date":"2025-12-02T20:12:41","date_gmt":"2025-12-02T19:12:41","guid":{"rendered":"https:\/\/abcgf.pl\/?page_id=486"},"modified":"2025-12-05T18:03:34","modified_gmt":"2025-12-05T17:03:34","slug":"uslugi-przepraw-promowych","status":"publish","type":"page","link":"https:\/\/abcgf.pl\/?page_id=486","title":{"rendered":"Us\u0142ugi przepraw promowych!"},"content":{"rendered":"\n<h4 class=\"wp-block-heading has-text-align-center\">Dzi\u0119ki wsp\u00f3\u0142pracy z renomowanymi partnerami, oferujemy szybkie i bezpieczne przewozy \u0142adunk\u00f3w przez Ba\u0142tyk i Morze P\u00f3\u0142nocne. Teraz jeszcze \u0142atwiej po\u0142\u0105czy\u0107 Polsk\u0119 z krajami Skandynawii i p\u00f3\u0142nocn\u0105 Europ\u0105.<br><br>Niezale\u017cnie od wielko\u015bci przesy\u0142ki \u2013 od pojedynczych palet po pe\u0142ne naczepy \u2013 zapewniamy kompleksow\u0105 obs\u0142ug\u0119, terminowo\u015b\u0107 i profesjonalizm.<br><br>Skorzystaj z naszej nowej us\u0142ugi i zadbaj o p\u0142ynno\u015b\u0107 swoich \u0142a\u0144cuch\u00f3w dostaw!<br><br><br><br><br><br><\/h4>\n\n\n\n<figure class=\"wp-block-image size-large\"><img fetchpriority=\"high\" decoding=\"async\" width=\"1024\" height=\"683\" src=\"https:\/\/abcgf.pl\/wp-content\/uploads\/2025\/12\/prom-1-1024x683.png\" alt=\"\" class=\"wp-image-505\" srcset=\"https:\/\/abcgf.pl\/wp-content\/uploads\/2025\/12\/prom-1-1024x683.png 1024w, https:\/\/abcgf.pl\/wp-content\/uploads\/2025\/12\/prom-1-300x200.png 300w, https:\/\/abcgf.pl\/wp-content\/uploads\/2025\/12\/prom-1-768x512.png 768w, https:\/\/abcgf.pl\/wp-content\/uploads\/2025\/12\/prom-1.png 1536w\" sizes=\"(max-width: 1024px) 100vw, 1024px\" \/><\/figure>\n","protected":false},"excerpt":{"rendered":"<p>Dzi\u0119ki wsp\u00f3\u0142pracy z renomowanymi partnerami, oferujemy szybkie i bezpieczne przewozy \u0142adunk\u00f3w przez Ba\u0142tyk i Morze P\u00f3\u0142nocne. Teraz jeszcze \u0142atwiej po\u0142\u0105czy\u0107 Polsk\u0119 z krajami Skandynawii i p\u00f3\u0142nocn\u0105 Europ\u0105. Niezale\u017cnie od wielko\u015bci przesy\u0142ki \u2013 od pojedynczych palet po pe\u0142ne naczepy \u2013 zapewniamy kompleksow\u0105 obs\u0142ug\u0119, terminowo\u015b\u0107 i profesjonalizm. Skorzystaj z naszej nowej us\u0142ugi i zadbaj o p\u0142ynno\u015b\u0107 swoich [&hellip;]<\/p>\n","protected":false},"author":1,"featured_media":0,"parent":0,"menu_order":0,"comment_status":"closed","ping_status":"closed","template":"","meta":{"saved_in_kubio":true,"_uag_custom_page_level_css":"","footnotes":""},"class_list":["post-486","page","type-page","status-publish","hentry"],"kubio_ai_page_context":{"short_desc":"","purpose":"general"},"uagb_featured_image_src":{"full":false,"thumbnail":false,"medium":false,"medium_large":false,"large":false,"1536x1536":false,"2048x2048":false,"kubio-fullhd":false},"uagb_author_info":{"display_name":"admin","author_link":"https:\/\/abcgf.pl\/?author=1"},"uagb_comment_info":0,"uagb_excerpt":"Dzi\u0119ki wsp\u00f3\u0142pracy z renomowanymi partnerami, oferujemy szybkie i bezpieczne przewozy \u0142adunk\u00f3w przez Ba\u0142tyk i Morze P\u00f3\u0142nocne. Teraz jeszcze \u0142atwiej po\u0142\u0105czy\u0107 Polsk\u0119 z krajami Skandynawii i p\u00f3\u0142nocn\u0105 Europ\u0105. Niezale\u017cnie od wielko\u015bci przesy\u0142ki \u2013 od pojedynczych palet po pe\u0142ne naczepy \u2013 zapewniamy kompleksow\u0105 obs\u0142ug\u0119, terminowo\u015b\u0107 i profesjonalizm. Skorzystaj z naszej nowej us\u0142ugi i zadbaj o p\u0142ynno\u015b\u0107 swoich&hellip;","_links":{"self":[{"href":"https:\/\/abcgf.pl\/index.php?rest_route=\/wp\/v2\/pages\/486","targetHints":{"allow":["GET"]}}],"collection":[{"href":"https:\/\/abcgf.pl\/index.php?rest_route=\/wp\/v2\/pages"}],"about":[{"href":"https:\/\/abcgf.pl\/index.php?rest_route=\/wp\/v2\/types\/page"}],"author":[{"embeddable":true,"href":"https:\/\/abcgf.pl\/index.php?rest_route=\/wp\/v2\/users\/1"}],"replies":[{"embeddable":true,"href":"https:\/\/abcgf.pl\/index.php?rest_route=%2Fwp%2Fv2%2Fcomments&post=486"}],"version-history":[{"count":2,"href":"https:\/\/abcgf.pl\/index.php?rest_route=\/wp\/v2\/pages\/486\/revisions"}],"predecessor-version":[{"id":507,"href":"https:\/\/abcgf.pl\/index.php?rest_route=\/wp\/v2\/pages\/486\/revisions\/507"}],"wp:attachment":[{"href":"https:\/\/abcgf.pl\/index.php?rest_route=%2Fwp%2Fv2%2Fmedia&parent=486"}],"curies":[{"name":"wp","href":"https:\/\/api.w.org\/{rel}","templated":true}]}}